{"id":5942,"date":"2024-04-01T17:18:59","date_gmt":"2024-04-01T15:18:59","guid":{"rendered":"https:\/\/podcast.hacetumusica.com\/?post_type=product&#038;p=5942"},"modified":"2024-04-03T01:08:51","modified_gmt":"2024-04-02T23:08:51","slug":"colabora-con-el-podcast","status":"publish","type":"product","link":"https:\/\/podcast.hacetumusica.com\/index.php\/producto\/colabora-con-el-podcast\/","title":{"rendered":"Colabora con el Podcast"},"content":{"rendered":"<p style=\"text-align: left;\">\u00a1Colabora con nosotros!<\/p>\n<p>Tu donaci\u00f3n nos permite seguir adelante. \u00danete a nuestra comunidad de colaboradores.<\/p>\n<p><em>&#8220;Tu apoyo es vital para mantener nuestro podcast en marcha. Cada donaci\u00f3n nos ayuda a producir m\u00e1s episodios, mejorar la calidad del contenido y alcanzar a m\u00e1s oyentes. \u00danete a nuestra comunidad de seguidores comprometidos y contribuye a hacer posible el crecimiento continuo de nuestro proyecto. \u00a1Gracias por ser parte de nuestro viaje!&#8221;<\/em><\/p>\n","protected":false},"excerpt":{"rendered":"<p>Trabajamos con las siguientes monedas:<\/p>\n<p>Pesos Argentinos (ARS) | MercadoPago<\/p>\n<p>Pesos Mexicanos (MEX) | PayPal<\/p>\n<p>Euros (EUR) | PayPal<\/p>\n<p>D\u00f3lar de Estados Unidos (USD) | PayPal<\/p>\n","protected":false},"featured_media":5943,"template":"","meta":[],"product_cat":[15],"product_tag":[],"class_list":{"0":"post-5942","1":"product","2":"type-product","3":"status-publish","4":"has-post-thumbnail","6":"product_cat-sin-categorizar","8":"first","9":"instock","10":"shipping-taxable","11":"purchasable","12":"product-type-simple","13":"nyp-product"},"_links":{"self":[{"href":"https:\/\/podcast.hacetumusica.com\/index.php\/wp-json\/wp\/v2\/product\/5942"}],"collection":[{"href":"https:\/\/podcast.hacetumusica.com\/index.php\/wp-json\/wp\/v2\/product"}],"about":[{"href":"https:\/\/podcast.hacetumusica.com\/index.php\/wp-json\/wp\/v2\/types\/product"}],"wp:featuredmedia":[{"embeddable":true,"href":"https:\/\/podcast.hacetumusica.com\/index.php\/wp-json\/wp\/v2\/media\/5943"}],"wp:attachment":[{"href":"https:\/\/podcast.hacetumusica.com\/index.php\/wp-json\/wp\/v2\/media?parent=5942"}],"wp:term":[{"taxonomy":"product_cat","embeddable":true,"href":"https:\/\/podcast.hacetumusica.com\/index.php\/wp-json\/wp\/v2\/product_cat?post=5942"},{"taxonomy":"product_tag","embeddable":true,"href":"https:\/\/podcast.hacetumusica.com\/index.php\/wp-json\/wp\/v2\/product_tag?post=5942"}],"curies":[{"name":"wp","href":"https:\/\/api.w.org\/{rel}","templated":true}]}}